{"id":1392,"date":"2019-06-28T15:23:10","date_gmt":"2019-06-28T15:23:10","guid":{"rendered":"https:\/\/ttc-realestate.cz\/?page_id=1392"},"modified":"2019-09-17T12:41:33","modified_gmt":"2019-09-17T12:41:33","slug":"contacts","status":"publish","type":"page","link":"https:\/\/ttc-realestate.cz\/en\/our-compounds\/tellus\/contacts\/","title":{"rendered":"Contacts"},"content":{"rendered":"<p style=\"text-align: center;\"><strong>Petr Tom\u010di\u0161in<\/strong><br \/>\ncontact person of TELLUS<br \/>\nNaskov\u00e9 1100\/3, 150&nbsp;00 Praha 5<br \/>\n+420&nbsp;724&nbsp;600&nbsp;642<br \/>\n+420&nbsp;234&nbsp;053&nbsp;290<br \/>\n<a href=\"mailto:tomcisin@ttc.cz\">tomcisin@ttc.cz<\/a><br \/>\n<a href=\"http:\/\/www.ttc-realestate.cz\/en\">www.ttc-realestate.cz\/en<\/a><\/p>\n","protected":false},"excerpt":{"rendered":"<p>Petr Tom\u010di\u0161in contact person of TELLUS Naskov\u00e9 1100\/3, 150&nbsp;00 Praha 5 +420&nbsp;724&nbsp;600&nbsp;642 +420&nbsp;234&nbsp;053&nbsp;290 <a href=\"mailto:tomcisin@ttc.cz\">tomcisin@ttc.cz<\/a> <a href=\"http:\/\/www.ttc-realestate.cz\/en\">www.ttc-realestate.cz\/en<\/a><\/p>\n","protected":false},"author":5,"featured_media":0,"parent":1379,"menu_order":6,"comment_status":"closed","ping_status":"closed","template":"page-contact.php","meta":{"_acf_changed":false,"_monsterinsights_skip_tracking":false,"_monsterinsights_sitenote_active":false,"_monsterinsights_sitenote_note":"","_monsterinsights_sitenote_category":0,"footnotes":""},"class_list":["post-1392","page","type-page","status-publish","hentry"],"acf":[],"_links":{"self":[{"href":"https:\/\/ttc-realestate.cz\/en\/wp-json\/wp\/v2\/pages\/1392","targetHints":{"allow":["GET"]}}],"collection":[{"href":"https:\/\/ttc-realestate.cz\/en\/wp-json\/wp\/v2\/pages"}],"about":[{"href":"https:\/\/ttc-realestate.cz\/en\/wp-json\/wp\/v2\/types\/page"}],"author":[{"embeddable":true,"href":"https:\/\/ttc-realestate.cz\/en\/wp-json\/wp\/v2\/users\/5"}],"replies":[{"embeddable":true,"href":"https:\/\/ttc-realestate.cz\/en\/wp-json\/wp\/v2\/comments?post=1392"}],"version-history":[{"count":6,"href":"https:\/\/ttc-realestate.cz\/en\/wp-json\/wp\/v2\/pages\/1392\/revisions"}],"predecessor-version":[{"id":1894,"href":"https:\/\/ttc-realestate.cz\/en\/wp-json\/wp\/v2\/pages\/1392\/revisions\/1894"}],"up":[{"embeddable":true,"href":"https:\/\/ttc-realestate.cz\/en\/wp-json\/wp\/v2\/pages\/1379"}],"wp:attachment":[{"href":"https:\/\/ttc-realestate.cz\/en\/wp-json\/wp\/v2\/media?parent=1392"}],"curies":[{"name":"wp","href":"https:\/\/api.w.org\/{rel}","templated":true}]}}