{"id":1330,"date":"2019-03-12T12:05:41","date_gmt":"2019-03-12T12:05:41","guid":{"rendered":"https:\/\/ttc-realestate.cz\/povinne-udaje\/"},"modified":"2019-06-18T10:34:23","modified_gmt":"2019-06-18T10:34:23","slug":"compulsory-particulars","status":"publish","type":"page","link":"https:\/\/ttc-realestate.cz\/en\/compulsory-particulars\/","title":{"rendered":"Compulsory Particulars"},"content":{"rendered":"<h2 style=\"text-align: center;\">TTC REAL ESTATE, a.s.<\/h2>\n<p style=\"text-align: center;\">Registered office: Naskov\u00e9 1100\/3, 150&nbsp;00 Prague 5 \u2013 Ko\u0161\u00ed\u0159e<br \/>\nIdentification information: corporate ID 25620797, tax ID CZ25620797, registered by the Municipal Court in Prague, file no. B 5021<br \/>\nContacts: tel. +420&nbsp;234&nbsp;053&nbsp;111 (reception), website <a href=\"http:\/\/www.ttc-realestate.cz\">www.ttc-realestate.cz<\/a>, email <a href=\"mailto:realestate@ttc.cz\">realestate@ttc.cz<\/a><\/p>\n","protected":false},"excerpt":{"rendered":"<p>TTC REAL ESTATE, a.s. Registered office: Naskov\u00e9 1100\/3, 150&nbsp;00 Prague 5 \u2013 Ko\u0161\u00ed\u0159e Identification information: corporate ID 25620797, tax ID CZ25620797, registered by the Municipal Court in Prague, file no. B 5021 Contacts: tel. +420&nbsp;234&nbsp;053&nbsp;111 (reception), website <a href=\"http:\/\/www.ttc-realestate.cz\">www.ttc-realestate.cz<\/a>, email <a href=\"mailto:realestate@ttc.cz\">realestate@ttc.cz<\/a><\/p>\n","protected":false},"author":1,"featured_media":0,"parent":0,"menu_order":0,"comment_status":"closed","ping_status":"closed","template":"","meta":{"_acf_changed":false,"_monsterinsights_skip_tracking":false,"_monsterinsights_sitenote_active":false,"_monsterinsights_sitenote_note":"","_monsterinsights_sitenote_category":0,"footnotes":""},"class_list":["post-1330","page","type-page","status-publish","hentry"],"acf":[],"_links":{"self":[{"href":"https:\/\/ttc-realestate.cz\/en\/wp-json\/wp\/v2\/pages\/1330","targetHints":{"allow":["GET"]}}],"collection":[{"href":"https:\/\/ttc-realestate.cz\/en\/wp-json\/wp\/v2\/pages"}],"about":[{"href":"https:\/\/ttc-realestate.cz\/en\/wp-json\/wp\/v2\/types\/page"}],"author":[{"embeddable":true,"href":"https:\/\/ttc-realestate.cz\/en\/wp-json\/wp\/v2\/users\/1"}],"replies":[{"embeddable":true,"href":"https:\/\/ttc-realestate.cz\/en\/wp-json\/wp\/v2\/comments?post=1330"}],"version-history":[{"count":3,"href":"https:\/\/ttc-realestate.cz\/en\/wp-json\/wp\/v2\/pages\/1330\/revisions"}],"predecessor-version":[{"id":1346,"href":"https:\/\/ttc-realestate.cz\/en\/wp-json\/wp\/v2\/pages\/1330\/revisions\/1346"}],"wp:attachment":[{"href":"https:\/\/ttc-realestate.cz\/en\/wp-json\/wp\/v2\/media?parent=1330"}],"curies":[{"name":"wp","href":"https:\/\/api.w.org\/{rel}","templated":true}]}}