{"id":1313,"date":"2019-04-23T08:56:47","date_gmt":"2019-04-23T08:56:47","guid":{"rendered":"https:\/\/ttc-realestate.cz\/our-compounds\/uvalska\/kontakty\/"},"modified":"2019-09-17T12:42:00","modified_gmt":"2019-09-17T12:42:00","slug":"contacts","status":"publish","type":"page","link":"https:\/\/ttc-realestate.cz\/en\/our-compounds\/areal-uvalska\/contacts\/","title":{"rendered":"Contacts"},"content":{"rendered":"<p style=\"text-align: center;\"><strong>Pavel Kofro\u0148<\/strong><br \/>\ncontact person of \u00davalsk\u00e1<br \/>\nT\u0159ebohostick\u00e1 987\/5, 100&nbsp;00 Praha 10<br \/>\n+420&nbsp;702&nbsp;212&nbsp;527<br \/>\n+420&nbsp;234&nbsp;052&nbsp;375<br \/>\n<a href=\"mailto:kofron@ttc.cz\">kofron@ttc.cz<\/a><br \/>\n<a href=\"http:\/\/www.ttc-realestate.cz\/en\">www.ttc-realestate.cz\/en<\/a><\/p>\n","protected":false},"excerpt":{"rendered":"<p>Pavel Kofro\u0148 contact person of \u00davalsk\u00e1 T\u0159ebohostick\u00e1 987\/5, 100&nbsp;00 Praha 10 +420&nbsp;702&nbsp;212&nbsp;527 +420&nbsp;234&nbsp;052&nbsp;375 <a href=\"mailto:kofron@ttc.cz\">kofron@ttc.cz<\/a> <a href=\"http:\/\/www.ttc-realestate.cz\/en\">www.ttc-realestate.cz\/en<\/a><\/p>\n","protected":false},"author":5,"featured_media":0,"parent":1172,"menu_order":6,"comment_status":"closed","ping_status":"closed","template":"page-contact.php","meta":{"_acf_changed":false,"_monsterinsights_skip_tracking":false,"_monsterinsights_sitenote_active":false,"_monsterinsights_sitenote_note":"","_monsterinsights_sitenote_category":0,"footnotes":""},"class_list":["post-1313","page","type-page","status-publish","hentry"],"acf":[],"_links":{"self":[{"href":"https:\/\/ttc-realestate.cz\/en\/wp-json\/wp\/v2\/pages\/1313","targetHints":{"allow":["GET"]}}],"collection":[{"href":"https:\/\/ttc-realestate.cz\/en\/wp-json\/wp\/v2\/pages"}],"about":[{"href":"https:\/\/ttc-realestate.cz\/en\/wp-json\/wp\/v2\/types\/page"}],"author":[{"embeddable":true,"href":"https:\/\/ttc-realestate.cz\/en\/wp-json\/wp\/v2\/users\/5"}],"replies":[{"embeddable":true,"href":"https:\/\/ttc-realestate.cz\/en\/wp-json\/wp\/v2\/comments?post=1313"}],"version-history":[{"count":6,"href":"https:\/\/ttc-realestate.cz\/en\/wp-json\/wp\/v2\/pages\/1313\/revisions"}],"predecessor-version":[{"id":1899,"href":"https:\/\/ttc-realestate.cz\/en\/wp-json\/wp\/v2\/pages\/1313\/revisions\/1899"}],"up":[{"embeddable":true,"href":"https:\/\/ttc-realestate.cz\/en\/wp-json\/wp\/v2\/pages\/1172"}],"wp:attachment":[{"href":"https:\/\/ttc-realestate.cz\/en\/wp-json\/wp\/v2\/media?parent=1313"}],"curies":[{"name":"wp","href":"https:\/\/api.w.org\/{rel}","templated":true}]}}