{"id":1310,"date":"2019-03-12T13:38:12","date_gmt":"2019-03-12T13:38:12","guid":{"rendered":"https:\/\/ttc-realestate.cz\/our-compounds\/trebohosticka\/kontakty\/"},"modified":"2019-09-17T12:40:40","modified_gmt":"2019-09-17T12:40:40","slug":"contacts","status":"publish","type":"page","link":"https:\/\/ttc-realestate.cz\/en\/our-compounds\/trebohosticka\/contacts\/","title":{"rendered":"Contacts"},"content":{"rendered":"<p style=\"text-align: center;\"><strong>Pavel Kofro\u0148<\/strong><br \/>\ncontact person of T\u0159ebohostick\u00e1<br \/>\nT\u0159ebohostick\u00e1 987\/5, 100&nbsp;00 Praha 10<br \/>\n+420&nbsp;702&nbsp;212&nbsp;527<br \/>\n+420&nbsp;234&nbsp;052&nbsp;375<br \/>\n<a href=\"mailto:kofron@ttc.cz\">kofron@ttc.cz<\/a><br \/>\n<a href=\"http:\/\/www.ttc-realestate.cz\/en\">www.ttc-realestate.cz\/en<\/a><\/p>\n","protected":false},"excerpt":{"rendered":"<p>Pavel Kofro\u0148 contact person of T\u0159ebohostick\u00e1 T\u0159ebohostick\u00e1 987\/5, 100&nbsp;00 Praha 10 +420&nbsp;702&nbsp;212&nbsp;527 +420&nbsp;234&nbsp;052&nbsp;375 <a href=\"mailto:kofron@ttc.cz\">kofron@ttc.cz<\/a> <a href=\"http:\/\/www.ttc-realestate.cz\/en\">www.ttc-realestate.cz\/en<\/a><\/p>\n","protected":false},"author":1,"featured_media":0,"parent":1162,"menu_order":6,"comment_status":"closed","ping_status":"closed","template":"page-contact.php","meta":{"_acf_changed":false,"_monsterinsights_skip_tracking":false,"_monsterinsights_sitenote_active":false,"_monsterinsights_sitenote_note":"","_monsterinsights_sitenote_category":0,"footnotes":""},"class_list":["post-1310","page","type-page","status-publish","hentry"],"acf":[],"_links":{"self":[{"href":"https:\/\/ttc-realestate.cz\/en\/wp-json\/wp\/v2\/pages\/1310","targetHints":{"allow":["GET"]}}],"collection":[{"href":"https:\/\/ttc-realestate.cz\/en\/wp-json\/wp\/v2\/pages"}],"about":[{"href":"https:\/\/ttc-realestate.cz\/en\/wp-json\/wp\/v2\/types\/page"}],"author":[{"embeddable":true,"href":"https:\/\/ttc-realestate.cz\/en\/wp-json\/wp\/v2\/users\/1"}],"replies":[{"embeddable":true,"href":"https:\/\/ttc-realestate.cz\/en\/wp-json\/wp\/v2\/comments?post=1310"}],"version-history":[{"count":7,"href":"https:\/\/ttc-realestate.cz\/en\/wp-json\/wp\/v2\/pages\/1310\/revisions"}],"predecessor-version":[{"id":1890,"href":"https:\/\/ttc-realestate.cz\/en\/wp-json\/wp\/v2\/pages\/1310\/revisions\/1890"}],"up":[{"embeddable":true,"href":"https:\/\/ttc-realestate.cz\/en\/wp-json\/wp\/v2\/pages\/1162"}],"wp:attachment":[{"href":"https:\/\/ttc-realestate.cz\/en\/wp-json\/wp\/v2\/media?parent=1310"}],"curies":[{"name":"wp","href":"https:\/\/api.w.org\/{rel}","templated":true}]}}