{"id":1304,"date":"2019-04-25T09:22:48","date_gmt":"2019-04-25T09:22:48","guid":{"rendered":"https:\/\/ttc-realestate.cz\/our-compounds\/studio-jinonice\/kontakty\/"},"modified":"2019-09-17T12:39:53","modified_gmt":"2019-09-17T12:39:53","slug":"contacts","status":"publish","type":"page","link":"https:\/\/ttc-realestate.cz\/en\/our-compounds\/ttc-studio-jinonice\/contacts\/","title":{"rendered":"Contacts"},"content":{"rendered":"<p style=\"text-align: center;\"><strong>Petr Tom\u010di\u0161in<\/strong><br \/>\ncontact person of TTC STUDIO JINONICE<br \/>\nStod\u016fleck\u00e1 586\/4, 158&nbsp;00 Praha 5<br \/>\n+420&nbsp;724&nbsp;600&nbsp;642<br \/>\n+420&nbsp;234&nbsp;053&nbsp;290<br \/>\n<a href=\"mailto:tomcisin@ttc.cz\">tomcisin@ttc.cz<\/a><br \/>\n<a href=\"http:\/\/www.ttc-realestate.cz\/en\">www.ttc-realestate.cz\/en<\/a><\/p>\n","protected":false},"excerpt":{"rendered":"<p>Petr Tom\u010di\u0161in contact person of TTC STUDIO JINONICE Stod\u016fleck\u00e1 586\/4, 158&nbsp;00 Praha 5 +420&nbsp;724&nbsp;600&nbsp;642 +420&nbsp;234&nbsp;053&nbsp;290 <a href=\"mailto:tomcisin@ttc.cz\">tomcisin@ttc.cz<\/a> <a href=\"http:\/\/www.ttc-realestate.cz\/en\">www.ttc-realestate.cz\/en<\/a><\/p>\n","protected":false},"author":5,"featured_media":0,"parent":1159,"menu_order":6,"comment_status":"closed","ping_status":"closed","template":"page-contact.php","meta":{"_acf_changed":false,"_monsterinsights_skip_tracking":false,"_monsterinsights_sitenote_active":false,"_monsterinsights_sitenote_note":"","_monsterinsights_sitenote_category":0,"footnotes":""},"class_list":["post-1304","page","type-page","status-publish","hentry"],"acf":[],"_links":{"self":[{"href":"https:\/\/ttc-realestate.cz\/en\/wp-json\/wp\/v2\/pages\/1304","targetHints":{"allow":["GET"]}}],"collection":[{"href":"https:\/\/ttc-realestate.cz\/en\/wp-json\/wp\/v2\/pages"}],"about":[{"href":"https:\/\/ttc-realestate.cz\/en\/wp-json\/wp\/v2\/types\/page"}],"author":[{"embeddable":true,"href":"https:\/\/ttc-realestate.cz\/en\/wp-json\/wp\/v2\/users\/5"}],"replies":[{"embeddable":true,"href":"https:\/\/ttc-realestate.cz\/en\/wp-json\/wp\/v2\/comments?post=1304"}],"version-history":[{"count":6,"href":"https:\/\/ttc-realestate.cz\/en\/wp-json\/wp\/v2\/pages\/1304\/revisions"}],"predecessor-version":[{"id":1885,"href":"https:\/\/ttc-realestate.cz\/en\/wp-json\/wp\/v2\/pages\/1304\/revisions\/1885"}],"up":[{"embeddable":true,"href":"https:\/\/ttc-realestate.cz\/en\/wp-json\/wp\/v2\/pages\/1159"}],"wp:attachment":[{"href":"https:\/\/ttc-realestate.cz\/en\/wp-json\/wp\/v2\/media?parent=1304"}],"curies":[{"name":"wp","href":"https:\/\/api.w.org\/{rel}","templated":true}]}}