{"id":1301,"date":"2019-04-25T09:43:33","date_gmt":"2019-04-25T09:43:33","guid":{"rendered":"https:\/\/ttc-realestate.cz\/our-compounds\/sazecska-dc2\/kontakty\/"},"modified":"2019-09-17T12:38:40","modified_gmt":"2019-09-17T12:38:40","slug":"contacts","status":"publish","type":"page","link":"https:\/\/ttc-realestate.cz\/en\/our-compounds\/data-center-sazecska\/contacts\/","title":{"rendered":"Contacts"},"content":{"rendered":"<p style=\"text-align: center;\"><strong>Ing. Ivan Strouhal<\/strong><br \/>\ncontact person of DATA CENTER SAZE\u010cSK\u00c1<br \/>\nT\u0159ebohostick\u00e1 987\/5, 100&nbsp;00 Praha 10<br \/>\n+420&nbsp;724&nbsp;600&nbsp;647<br \/>\n+420&nbsp;234&nbsp;052&nbsp;450<br \/>\n<a href=\"mailto:strouhal@ttc.cz\">strouhal@ttc.cz<\/a><br \/>\n<a href=\"http:\/\/www.ttc-realestate.cz\/en\">www.ttc-realestate.cz\/en<\/a><\/p>\n","protected":false},"excerpt":{"rendered":"<p>Ing. Ivan Strouhal contact person of DATA CENTER SAZE\u010cSK\u00c1 T\u0159ebohostick\u00e1 987\/5, 100&nbsp;00 Praha 10 +420&nbsp;724&nbsp;600&nbsp;647 +420&nbsp;234&nbsp;052&nbsp;450 <a href=\"mailto:strouhal@ttc.cz\">strouhal@ttc.cz<\/a> <a href=\"http:\/\/www.ttc-realestate.cz\/en\">www.ttc-realestate.cz\/en<\/a><\/p>\n","protected":false},"author":5,"featured_media":0,"parent":1154,"menu_order":6,"comment_status":"closed","ping_status":"closed","template":"page-contact.php","meta":{"_acf_changed":false,"_monsterinsights_skip_tracking":false,"_monsterinsights_sitenote_active":false,"_monsterinsights_sitenote_note":"","_monsterinsights_sitenote_category":0,"footnotes":""},"class_list":["post-1301","page","type-page","status-publish","hentry"],"acf":[],"_links":{"self":[{"href":"https:\/\/ttc-realestate.cz\/en\/wp-json\/wp\/v2\/pages\/1301","targetHints":{"allow":["GET"]}}],"collection":[{"href":"https:\/\/ttc-realestate.cz\/en\/wp-json\/wp\/v2\/pages"}],"about":[{"href":"https:\/\/ttc-realestate.cz\/en\/wp-json\/wp\/v2\/types\/page"}],"author":[{"embeddable":true,"href":"https:\/\/ttc-realestate.cz\/en\/wp-json\/wp\/v2\/users\/5"}],"replies":[{"embeddable":true,"href":"https:\/\/ttc-realestate.cz\/en\/wp-json\/wp\/v2\/comments?post=1301"}],"version-history":[{"count":6,"href":"https:\/\/ttc-realestate.cz\/en\/wp-json\/wp\/v2\/pages\/1301\/revisions"}],"predecessor-version":[{"id":1880,"href":"https:\/\/ttc-realestate.cz\/en\/wp-json\/wp\/v2\/pages\/1301\/revisions\/1880"}],"up":[{"embeddable":true,"href":"https:\/\/ttc-realestate.cz\/en\/wp-json\/wp\/v2\/pages\/1154"}],"wp:attachment":[{"href":"https:\/\/ttc-realestate.cz\/en\/wp-json\/wp\/v2\/media?parent=1301"}],"curies":[{"name":"wp","href":"https:\/\/api.w.org\/{rel}","templated":true}]}}