{"id":1290,"date":"2019-04-25T10:22:33","date_gmt":"2019-04-25T10:22:33","guid":{"rendered":"https:\/\/ttc-realestate.cz\/our-compounds\/ttc-techkom-centrum\/kontakty\/"},"modified":"2019-09-17T12:36:19","modified_gmt":"2019-09-17T12:36:19","slug":"contacts","status":"publish","type":"page","link":"https:\/\/ttc-realestate.cz\/en\/our-compounds\/ttc-techkom-centrum\/contacts\/","title":{"rendered":"Contacts"},"content":{"rendered":"<p style=\"text-align: center;\"><strong>Ing. Milan T\u011b\u0161\u00edk<br \/>\n<\/strong>contact person of TTC TECHKOM CENTRUM<br \/>\nTiska\u0159sk\u00e1 257\/10, 108&nbsp;00 Praha 10<br \/>\n+420&nbsp;724&nbsp;600&nbsp;612<br \/>\n+420&nbsp;234&nbsp;054&nbsp;100<br \/>\n<a href=\"mailto:tesik@ttc.cz\">tesik@ttc.cz<\/a><br \/>\n<a href=\"http:\/\/www.ttc-realestate.cz\/en\">www.ttc-realestate.cz\/en<\/a><\/p>\n","protected":false},"excerpt":{"rendered":"<p>Ing. Milan T\u011b\u0161\u00edk contact person of TTC TECHKOM CENTRUM Tiska\u0159sk\u00e1 257\/10, 108&nbsp;00 Praha 10 +420&nbsp;724&nbsp;600&nbsp;612 +420&nbsp;234&nbsp;054&nbsp;100 <a href=\"mailto:tesik@ttc.cz\">tesik@ttc.cz<\/a> <a href=\"http:\/\/www.ttc-realestate.cz\/en\">www.ttc-realestate.cz\/en<\/a><\/p>\n","protected":false},"author":5,"featured_media":0,"parent":1143,"menu_order":6,"comment_status":"closed","ping_status":"closed","template":"page-contact.php","meta":{"_acf_changed":false,"_monsterinsights_skip_tracking":false,"_monsterinsights_sitenote_active":false,"_monsterinsights_sitenote_note":"","_monsterinsights_sitenote_category":0,"footnotes":""},"class_list":["post-1290","page","type-page","status-publish","hentry"],"acf":[],"_links":{"self":[{"href":"https:\/\/ttc-realestate.cz\/en\/wp-json\/wp\/v2\/pages\/1290","targetHints":{"allow":["GET"]}}],"collection":[{"href":"https:\/\/ttc-realestate.cz\/en\/wp-json\/wp\/v2\/pages"}],"about":[{"href":"https:\/\/ttc-realestate.cz\/en\/wp-json\/wp\/v2\/types\/page"}],"author":[{"embeddable":true,"href":"https:\/\/ttc-realestate.cz\/en\/wp-json\/wp\/v2\/users\/5"}],"replies":[{"embeddable":true,"href":"https:\/\/ttc-realestate.cz\/en\/wp-json\/wp\/v2\/comments?post=1290"}],"version-history":[{"count":9,"href":"https:\/\/ttc-realestate.cz\/en\/wp-json\/wp\/v2\/pages\/1290\/revisions"}],"predecessor-version":[{"id":1865,"href":"https:\/\/ttc-realestate.cz\/en\/wp-json\/wp\/v2\/pages\/1290\/revisions\/1865"}],"up":[{"embeddable":true,"href":"https:\/\/ttc-realestate.cz\/en\/wp-json\/wp\/v2\/pages\/1143"}],"wp:attachment":[{"href":"https:\/\/ttc-realestate.cz\/en\/wp-json\/wp\/v2\/media?parent=1290"}],"curies":[{"name":"wp","href":"https:\/\/api.w.org\/{rel}","templated":true}]}}